{"id":7,"date":"2022-06-10T11:41:37","date_gmt":"2022-06-10T09:41:37","guid":{"rendered":"https:\/\/la-caravane-rh.fr\/?page_id=7"},"modified":"2022-09-29T11:58:51","modified_gmt":"2022-09-29T09:58:51","slug":"7-2","status":"publish","type":"page","link":"https:\/\/la-caravane-rh.fr\/","title":{"rendered":"ACCUEIL"},"content":{"rendered":"<p>[et_pb_section fb_built=&#8221;1&#8243; next_background_color=&#8221;#ffffff&#8221; _builder_version=&#8221;4.17.4&#8243; _module_preset=&#8221;default&#8221; background_color=&#8221;#ddf5f2&#8243; min_height=&#8221;652.5px&#8221; custom_margin=&#8221;0px||0px||true|false&#8221; custom_padding=&#8221;71px||71px||true|&#8221; bottom_divider_style=&#8221;wave&#8221; border_radii=&#8221;off||||&#8221; global_colors_info=&#8221;{}&#8221;][et_pb_row _builder_version=&#8221;4.17.4&#8243; _module_preset=&#8221;default&#8221; global_colors_info=&#8221;{}&#8221;][et_pb_column type=&#8221;4_4&#8243; _builder_version=&#8221;4.17.4&#8243; _module_preset=&#8221;default&#8221; global_colors_info=&#8221;{}&#8221;][et_pb_image src=&#8221;http:\/\/la-caravane-rh.fr\/wp-content\/uploads\/2022\/06\/Copie-de-Copie-de-LOGO-CARAVANE-RH-2-1.png&#8221; title_text=&#8221;Copie de Copie de LOGO CARAVANE RH (2)&#8221; align=&#8221;center&#8221; _builder_version=&#8221;4.17.4&#8243; _module_preset=&#8221;default&#8221; width=&#8221;39%&#8221; max_width=&#8221;36%&#8221; custom_margin=&#8221;-10px||||false|false&#8221; global_colors_info=&#8221;{}&#8221;][\/et_pb_image][et_pb_text content_tablet=&#8221;<\/p>\n<p style=%22text-align: center;%22><strong>D\u00e9cryptage et solutions pour booster vos RH !<\/strong><\/p>\n<p>&#8221; content_phone=&#8221;<\/p>\n<p style=%22text-align: center;%22><strong>D\u00e9cryptage et solutions pour booster vos RH !<\/strong><\/p>\n<p>&#8221; content_last_edited=&#8221;on|phone&#8221; _builder_version=&#8221;4.17.4&#8243; _module_preset=&#8221;default&#8221; text_text_color=&#8221;#114d61&#8243; text_font_size=&#8221;44px&#8221; text_line_height=&#8221;1.75em&#8221; text_line_height_tablet=&#8221;1.75em&#8221; text_line_height_phone=&#8221;1.6em&#8221; text_line_height_last_edited=&#8221;on|phone&#8221; global_colors_info=&#8221;{}&#8221;]<\/p>\n<p style=\"text-align: center;\"><strong>D\u00e9cryptage et solutions pour booster vos RH !<\/strong><\/p>\n<p>[\/et_pb_text][et_pb_text _builder_version=&#8221;4.17.4&#8243; _module_preset=&#8221;default&#8221; text_font_size=&#8221;27px&#8221; text_letter_spacing=&#8221;3px&#8221; text_line_height=&#8221;1.8em&#8221; custom_margin=&#8221;-22px||||false|false&#8221; text_font_size_tablet=&#8221;27px&#8221; text_font_size_phone=&#8221;37px&#8221; text_font_size_last_edited=&#8221;on|phone&#8221; global_colors_info=&#8221;{}&#8221;]<\/p>\n<p style=\"text-align: center;\">Pr\u00e9vention &#8211; Recrutement &#8211; Attractivit\u00e9 &#8211; Formation<\/p>\n<p>[\/et_pb_text][et_pb_text _builder_version=&#8221;4.17.4&#8243; _module_preset=&#8221;default&#8221; text_text_color=&#8221;#a81815&#8243; text_font_size=&#8221;29px&#8221; text_line_height=&#8221;1em&#8221; global_colors_info=&#8221;{}&#8221;]<\/p>\n<p style=\"text-align: center;\"><strong>12 octobre 2022 &#8211; Salle des f\u00eates &#8211; rue du stade &#8211; <\/strong><\/p>\n<p style=\"text-align: center;\"><strong>41700 Le Controis-en-Sologne<\/strong><\/p>\n<p>[\/et_pb_text][\/et_pb_column][\/et_pb_row][\/et_pb_section][et_pb_section fb_built=&#8221;1&#8243; _builder_version=&#8221;4.17.4&#8243; _module_preset=&#8221;default&#8221; background_enable_color=&#8221;off&#8221; min_height=&#8221;1413px&#8221; custom_margin=&#8221;0px||0px||true|false&#8221; custom_padding=&#8221;0px||34px||false|false&#8221; global_colors_info=&#8221;{}&#8221;][et_pb_row _builder_version=&#8221;4.17.4&#8243; _module_preset=&#8221;default&#8221; min_height=&#8221;257px&#8221; custom_margin=&#8221;-10px||10px||false|false&#8221; custom_padding=&#8221;0px||0px||false|false&#8221; global_colors_info=&#8221;{}&#8221;][et_pb_column type=&#8221;4_4&#8243; _builder_version=&#8221;4.17.4&#8243; _module_preset=&#8221;default&#8221; global_colors_info=&#8221;{}&#8221;][et_pb_text _builder_version=&#8221;4.17.4&#8243; _module_preset=&#8221;default&#8221; text_text_color=&#8221;#114d61&#8243; text_font_size=&#8221;31px&#8221; text_line_height=&#8221;1.8em&#8221; text_orientation=&#8221;center&#8221; custom_margin=&#8221;-26px||||false|false&#8221; custom_padding=&#8221;40px|||||&#8221; global_colors_info=&#8221;{}&#8221;]<\/p>\n<p><strong>La CPME 41, l&#8217;APST et les acteurs de l&#8217;emploi viennent \u00e0 votre rencontre pour vous aider !<\/strong><\/p>\n<p>[\/et_pb_text][et_pb_divider _builder_version=&#8221;4.17.4&#8243; _module_preset=&#8221;default&#8221; global_colors_info=&#8221;{}&#8221;][\/et_pb_divider][et_pb_image src=&#8221;http:\/\/la-caravane-rh.fr\/wp-content\/uploads\/2022\/09\/mercredi-12-2-eme-versio.jpg&#8221; title_text=&#8221;mercredi 12 2 eme versio&#8221; align=&#8221;center&#8221; _builder_version=&#8221;4.17.4&#8243; _module_preset=&#8221;default&#8221; width=&#8221;56.1%&#8221; width_tablet=&#8221;56.1%&#8221; width_phone=&#8221;56.1%&#8221; width_last_edited=&#8221;on|phone&#8221; max_width=&#8221;88%&#8221; min_height=&#8221;84px&#8221; height=&#8221;50px&#8221; max_height=&#8221;479px&#8221; custom_padding=&#8221;|0px||0px||&#8221; hover_enabled=&#8221;0&#8243; global_colors_info=&#8221;{}&#8221; sticky_enabled=&#8221;0&#8243;][\/et_pb_image][\/et_pb_column][\/et_pb_row][et_pb_row column_structure=&#8221;1_2,1_2&#8243; _builder_version=&#8221;4.17.4&#8243; _module_preset=&#8221;default&#8221; custom_margin=&#8221;0px||0px||false|false&#8221; custom_padding=&#8221;0px||0px||true|false&#8221; global_colors_info=&#8221;{}&#8221;][et_pb_column type=&#8221;1_2&#8243; _builder_version=&#8221;4.17.4&#8243; _module_preset=&#8221;default&#8221; global_colors_info=&#8221;{}&#8221;][et_pb_text _builder_version=&#8221;4.17.4&#8243; _module_preset=&#8221;default&#8221; text_text_color=&#8221;#047e8b&#8221; text_font_size=&#8221;21px&#8221; custom_margin=&#8221;0px||6px||false|false&#8221; custom_padding=&#8221;0px||0px||false|false&#8221; text_text_color_tablet=&#8221;#7CDA24&#8243; text_text_color_phone=&#8221;#047e8b&#8221; text_text_color_last_edited=&#8221;on|phone&#8221; global_colors_info=&#8221;{}&#8221;]<\/p>\n<p style=\"text-align: center;\"><strong>9h30 &#8211; 11h45<\/strong><\/p>\n<p>[\/et_pb_text][et_pb_image src=&#8221;http:\/\/la-caravane-rh.fr\/wp-content\/uploads\/2022\/06\/image-1.png&#8221; title_text=&#8221;image 1&#8243; _builder_version=&#8221;4.17.4&#8243; _module_preset=&#8221;default&#8221; custom_margin=&#8221;0px||||false|false&#8221; custom_padding=&#8221;0px||||false|false&#8221; global_colors_info=&#8221;{}&#8221;][\/et_pb_image][et_pb_text _builder_version=&#8221;4.17.4&#8243; _module_preset=&#8221;default&#8221; custom_margin=&#8221;||8px||false|false&#8221; custom_padding=&#8221;||0px||false|false&#8221; global_colors_info=&#8221;{}&#8221;]<\/p>\n<p style=\"text-align: center;\">Devenez acteur d&#8217;une chasse aux risques pour \u00e9laborer votre document unique d&#8217;\u00e9valution des risques professionnels.<\/p>\n<p>[\/et_pb_text][et_pb_button button_url=&#8221;https:\/\/docs.google.com\/forms\/d\/1_5YM3QH7hHs133Q7JEDdT1ouc4z45fyuvX85EH7nufE\/edit?usp=sharing&#8221; button_text=&#8221;Je m&#8217;inscris&#8221; button_alignment=&#8221;center&#8221; _builder_version=&#8221;4.17.4&#8243; _module_preset=&#8221;default&#8221; custom_button=&#8221;on&#8221; button_text_size=&#8221;19px&#8221; button_text_color=&#8221;#FFFFFF&#8221; button_bg_color=&#8221;#114d61&#8243; button_border_width=&#8221;0px&#8221; button_border_radius=&#8221;43px&#8221; button_letter_spacing=&#8221;1px&#8221; custom_margin=&#8221;0px||||false|false&#8221; custom_padding=&#8221;0px||||false|false&#8221; global_colors_info=&#8221;{}&#8221;][\/et_pb_button][\/et_pb_column][et_pb_column type=&#8221;1_2&#8243; _builder_version=&#8221;4.17.4&#8243; _module_preset=&#8221;default&#8221; global_colors_info=&#8221;{}&#8221;][et_pb_text _builder_version=&#8221;4.17.4&#8243; _module_preset=&#8221;default&#8221; text_text_color=&#8221;#047e8b&#8221; text_font_size=&#8221;21px&#8221; custom_margin=&#8221;0px||6px||false|false&#8221; custom_padding=&#8221;0px||0px||false|false&#8221; global_colors_info=&#8221;{}&#8221;]<\/p>\n<p style=\"text-align: center;\"><strong>12h00 &#8211; 14h00<\/strong><\/p>\n<p>[\/et_pb_text][et_pb_image src=&#8221;http:\/\/la-caravane-rh.fr\/wp-content\/uploads\/2022\/06\/IMAGE-COCKTAIL.png&#8221; title_text=&#8221;IMAGE COCKTAIL&#8221; _builder_version=&#8221;4.17.4&#8243; _module_preset=&#8221;default&#8221; custom_margin=&#8221;0px||||false|false&#8221; custom_padding=&#8221;0px||||false|false&#8221; global_colors_info=&#8221;{}&#8221;][\/et_pb_image][et_pb_text _builder_version=&#8221;4.17.4&#8243; _module_preset=&#8221;default&#8221; custom_margin=&#8221;||8px||false|false&#8221; global_colors_info=&#8221;{}&#8221;]<\/p>\n<p style=\"text-align: center;\">\u00a0Venez \u00e9changer avec les partenaires, \u00e9lus et chefs d&#8217;entreprise de votre agglom\u00e9ration en toute convivalit\u00e9.<\/p>\n<p>[\/et_pb_text][et_pb_button button_url=&#8221;https:\/\/docs.google.com\/forms\/d\/18INHdiD5XQI1jZINkuvS3fkZyNXbjxJyNr8f-Z3HMik\/edit&#8221; button_text=&#8221;Je m&#8217;inscris&#8221; button_alignment=&#8221;center&#8221; _builder_version=&#8221;4.17.4&#8243; _module_preset=&#8221;default&#8221; custom_button=&#8221;on&#8221; button_text_size=&#8221;19px&#8221; button_text_color=&#8221;#FFFFFF&#8221; button_bg_color=&#8221;#114d61&#8243; button_border_width=&#8221;0px&#8221; button_border_radius=&#8221;43px&#8221; button_letter_spacing=&#8221;1px&#8221; custom_margin=&#8221;0px||||false|false&#8221; custom_padding=&#8221;0px||||false|false&#8221; global_colors_info=&#8221;{}&#8221;][\/et_pb_button][\/et_pb_column][\/et_pb_row][et_pb_row _builder_version=&#8221;4.17.4&#8243; _module_preset=&#8221;default&#8221; custom_margin=&#8221;||-31px||false|false&#8221; global_colors_info=&#8221;{}&#8221;][et_pb_column type=&#8221;4_4&#8243; _builder_version=&#8221;4.17.4&#8243; _module_preset=&#8221;default&#8221; global_colors_info=&#8221;{}&#8221;][et_pb_divider _builder_version=&#8221;4.17.4&#8243; _module_preset=&#8221;default&#8221; custom_margin=&#8221;||-38px||false|false&#8221; global_colors_info=&#8221;{}&#8221;][\/et_pb_divider][\/et_pb_column][\/et_pb_row][et_pb_row column_structure=&#8221;1_2,1_2&#8243; _builder_version=&#8221;4.17.4&#8243; _module_preset=&#8221;default&#8221; custom_margin_tablet=&#8221;&#8221; custom_margin_phone=&#8221;-16px||||false|false&#8221; custom_margin_last_edited=&#8221;on|phone&#8221; global_colors_info=&#8221;{}&#8221;][et_pb_column type=&#8221;1_2&#8243; _builder_version=&#8221;4.17.4&#8243; _module_preset=&#8221;default&#8221; global_colors_info=&#8221;{}&#8221;][et_pb_text _builder_version=&#8221;4.17.4&#8243; _module_preset=&#8221;default&#8221; text_text_color=&#8221;#047e8b&#8221; text_font_size=&#8221;21px&#8221; custom_margin=&#8221;0px||6px||false|false&#8221; custom_padding=&#8221;0px||0px||false|false&#8221; global_colors_info=&#8221;{}&#8221;]<\/p>\n<p style=\"text-align: center;\"><strong>14h &#8211; 15h<\/strong><\/p>\n<p>[\/et_pb_text][et_pb_image src=&#8221;http:\/\/la-caravane-rh.fr\/wp-content\/uploads\/2022\/09\/NOS-CONSEILS-DEXPERTES-POUR-REUSSIR-VOS-PROJETS-RH-23.png&#8221; title_text=&#8221;NOS CONSEILS D&#8217;EXPERTES POUR R\u00c9USSIR VOS PROJETS RH ! (23)&#8221; _builder_version=&#8221;4.17.4&#8243; _module_preset=&#8221;default&#8221; global_colors_info=&#8221;{}&#8221;][\/et_pb_image][et_pb_text _builder_version=&#8221;4.17.4&#8243; _module_preset=&#8221;default&#8221; custom_margin=&#8221;||4px||false|false&#8221; global_colors_info=&#8221;{}&#8221;]<\/p>\n<p style=\"text-align: center;\">Un salari\u00e9 sous l&#8217;emprise d&#8217;une substance psychoactive\u00a0 rep\u00e9sente un danger potentiel pour lui-m\u00eame et son environnement &#8230;<\/p>\n<p>[\/et_pb_text][et_pb_button button_url=&#8221;https:\/\/docs.google.com\/forms\/d\/1-mCUU0PwRssQrULiT2JIS9nQ2W-GPguuRm33aPxaQUc\/edit&#8221; button_text=&#8221;Je m&#8217;inscris&#8221; button_alignment=&#8221;center&#8221; _builder_version=&#8221;4.17.4&#8243; _module_preset=&#8221;default&#8221; custom_button=&#8221;on&#8221; button_text_size=&#8221;19px&#8221; button_text_color=&#8221;#FFFFFF&#8221; button_bg_color=&#8221;#114d61&#8243; button_border_width=&#8221;0px&#8221; button_border_radius=&#8221;43px&#8221; button_letter_spacing=&#8221;1px&#8221; custom_margin=&#8221;0px||||false|false&#8221; custom_padding=&#8221;0px||||false|false&#8221; global_colors_info=&#8221;{}&#8221;][\/et_pb_button][\/et_pb_column][et_pb_column type=&#8221;1_2&#8243; _builder_version=&#8221;4.17.4&#8243; _module_preset=&#8221;default&#8221; global_colors_info=&#8221;{}&#8221;][et_pb_text _builder_version=&#8221;4.17.4&#8243; _module_preset=&#8221;default&#8221; text_text_color=&#8221;#047e8b&#8221; text_font_size=&#8221;21px&#8221; custom_margin=&#8221;0px||-14px||false|false&#8221; custom_padding=&#8221;0px||21px||false|false&#8221; global_colors_info=&#8221;{}&#8221;]<\/p>\n<p style=\"text-align: center;\"><strong>15h15 &#8211; 16h30<\/strong><\/p>\n<p>[\/et_pb_text][et_pb_image src=&#8221;http:\/\/la-caravane-rh.fr\/wp-content\/uploads\/2022\/06\/image-4.png&#8221; title_text=&#8221;image 4&#8243; _builder_version=&#8221;4.17.4&#8243; _module_preset=&#8221;default&#8221; global_colors_info=&#8221;{}&#8221;][\/et_pb_image][et_pb_text _builder_version=&#8221;4.17.4&#8243; _module_preset=&#8221;default&#8221; custom_margin=&#8221;||4px||false|false&#8221; custom_margin_tablet=&#8221;&#8221; custom_margin_phone=&#8221;-7px||||false|false&#8221; custom_margin_last_edited=&#8221;on|phone&#8221; global_colors_info=&#8221;{}&#8221;]<\/p>\n<p style=\"text-align: center;\">Venez d\u00e9couvrir les outils qui vous aideront \u00e0 am\u00e9liorer votre attractivit\u00e9 et \u00e0 loger vos collaborateurs.<\/p>\n<p>[\/et_pb_text][et_pb_button button_url=&#8221;https:\/\/docs.google.com\/forms\/d\/1vtpb_0oyqCaHA4hBBpaJR4LRTcCIT-I6nmN9AQzJYYU\/edit&#8221; button_text=&#8221;Je m&#8217;inscris&#8221; button_alignment=&#8221;center&#8221; _builder_version=&#8221;4.17.4&#8243; _module_preset=&#8221;default&#8221; custom_button=&#8221;on&#8221; button_text_size=&#8221;19px&#8221; button_text_color=&#8221;#FFFFFF&#8221; button_bg_color=&#8221;#114d61&#8243; button_border_width=&#8221;0px&#8221; button_border_radius=&#8221;43px&#8221; button_letter_spacing=&#8221;1px&#8221; custom_margin=&#8221;0px||||false|false&#8221; custom_padding=&#8221;0px||||false|false&#8221; global_colors_info=&#8221;{}&#8221;][\/et_pb_button][\/et_pb_column][\/et_pb_row][et_pb_row _builder_version=&#8221;4.17.4&#8243; _module_preset=&#8221;default&#8221; custom_margin=&#8221;-22px||||false|false&#8221; global_colors_info=&#8221;{}&#8221;][et_pb_column type=&#8221;4_4&#8243; _builder_version=&#8221;4.17.4&#8243; _module_preset=&#8221;default&#8221; global_colors_info=&#8221;{}&#8221;][et_pb_divider _builder_version=&#8221;4.17.4&#8243; _module_preset=&#8221;default&#8221; custom_margin=&#8221;||-27px||false|false&#8221; global_colors_info=&#8221;{}&#8221;][\/et_pb_divider][\/et_pb_column][\/et_pb_row][et_pb_row _builder_version=&#8221;4.17.4&#8243; _module_preset=&#8221;default&#8221; global_colors_info=&#8221;{}&#8221;][et_pb_column type=&#8221;4_4&#8243; _builder_version=&#8221;4.17.4&#8243; _module_preset=&#8221;default&#8221; global_colors_info=&#8221;{}&#8221;][et_pb_wptools_image_carousel initialslide=&#8221;0&#8243; slidestoshow=&#8221;8&#8243; _builder_version=&#8221;4.17.4&#8243; _module_preset=&#8221;default&#8221; global_colors_info=&#8221;{}&#8221;][et_pb_wptools_carousel_image_item src=&#8221;http:\/\/la-caravane-rh.fr\/wp-content\/uploads\/2022\/06\/41_CPME_LOGO_LOIR-ET-CHER-3.jpg&#8221; _builder_version=&#8221;4.17.4&#8243; _module_preset=&#8221;default&#8221; global_colors_info=&#8221;{}&#8221;][\/et_pb_wptools_carousel_image_item][et_pb_wptools_carousel_image_item src=&#8221;http:\/\/la-caravane-rh.fr\/wp-content\/uploads\/2022\/06\/Maison-de-lemploi.jpg&#8221; _builder_version=&#8221;4.17.4&#8243; _module_preset=&#8221;default&#8221; global_colors_info=&#8221;{}&#8221;][\/et_pb_wptools_carousel_image_item][et_pb_wptools_carousel_image_item src=&#8221;http:\/\/la-caravane-rh.fr\/wp-content\/uploads\/2022\/06\/APST-41.png&#8221; _builder_version=&#8221;4.17.4&#8243; _module_preset=&#8221;default&#8221; global_colors_info=&#8221;{}&#8221;][\/et_pb_wptools_carousel_image_item][et_pb_wptools_carousel_image_item src=&#8221;http:\/\/la-caravane-rh.fr\/wp-content\/uploads\/2022\/06\/Be-LC.png&#8221; _builder_version=&#8221;4.17.4&#8243; _module_preset=&#8221;default&#8221; global_colors_info=&#8221;{}&#8221;][\/et_pb_wptools_carousel_image_item][et_pb_wptools_carousel_image_item src=&#8221;http:\/\/la-caravane-rh.fr\/wp-content\/uploads\/2022\/06\/BDDD.png&#8221; _builder_version=&#8221;4.17.4&#8243; _module_preset=&#8221;default&#8221; global_colors_info=&#8221;{}&#8221;][\/et_pb_wptools_carousel_image_item][et_pb_wptools_carousel_image_item src=&#8221;http:\/\/la-caravane-rh.fr\/wp-content\/uploads\/2022\/06\/prefet-002.png&#8221; _builder_version=&#8221;4.17.4&#8243; _module_preset=&#8221;default&#8221; global_colors_info=&#8221;{}&#8221;][\/et_pb_wptools_carousel_image_item][et_pb_wptools_carousel_image_item src=&#8221;http:\/\/la-caravane-rh.fr\/wp-content\/uploads\/2022\/06\/Start-co-RH.png&#8221; _builder_version=&#8221;4.17.4&#8243; _module_preset=&#8221;default&#8221; global_colors_info=&#8221;{}&#8221;][\/et_pb_wptools_carousel_image_item][et_pb_wptools_carousel_image_item src=&#8221;http:\/\/la-caravane-rh.fr\/wp-content\/uploads\/2022\/06\/Mercato-de-lemploi.png&#8221; _builder_version=&#8221;4.17.4&#8243; _module_preset=&#8221;default&#8221; global_colors_info=&#8221;{}&#8221;][\/et_pb_wptools_carousel_image_item][et_pb_wptools_carousel_image_item src=&#8221;http:\/\/la-caravane-rh.fr\/wp-content\/uploads\/2022\/06\/Romo.png&#8221; _builder_version=&#8221;4.17.4&#8243; _module_preset=&#8221;default&#8221; global_colors_info=&#8221;{}&#8221;][\/et_pb_wptools_carousel_image_item][et_pb_wptools_carousel_image_item src=&#8221;http:\/\/la-caravane-rh.fr\/wp-content\/uploads\/2022\/06\/Action-logement.jpg&#8221; _builder_version=&#8221;4.17.4&#8243; _module_preset=&#8221;default&#8221; global_colors_info=&#8221;{}&#8221;][\/et_pb_wptools_carousel_image_item][\/et_pb_wptools_image_carousel][\/et_pb_column][\/et_pb_row][\/et_pb_section]<\/p>\n","protected":false},"excerpt":{"rendered":"<p>D\u00e9cryptage et solutions pour booster vos RH !Pr\u00e9vention &#8211; Recrutement &#8211; Attractivit\u00e9 &#8211; Formation12 octobre 2022 &#8211; Salle des f\u00eates &#8211; rue du stade &#8211; 41700 Le Controis-en-SologneLa CPME 41, l&#8217;APST et les acteurs de l&#8217;emploi viennent \u00e0 votre rencontre pour vous aider !9h30 &#8211; 11h45Devenez acteur d&#8217;une chasse aux risques pour \u00e9laborer votre document [&hellip;]<\/p>\n","protected":false},"author":1,"featured_media":0,"parent":0,"menu_order":0,"comment_status":"closed","ping_status":"closed","template":"","meta":{"_et_pb_use_builder":"on","_et_pb_old_content":"","_et_gb_content_width":"","footnotes":""},"class_list":["post-7","page","type-page","status-publish","hentry"],"_links":{"self":[{"href":"https:\/\/la-caravane-rh.fr\/index.php\/wp-json\/wp\/v2\/pages\/7","targetHints":{"allow":["GET"]}}],"collection":[{"href":"https:\/\/la-caravane-rh.fr\/index.php\/wp-json\/wp\/v2\/pages"}],"about":[{"href":"https:\/\/la-caravane-rh.fr\/index.php\/wp-json\/wp\/v2\/types\/page"}],"author":[{"embeddable":true,"href":"https:\/\/la-caravane-rh.fr\/index.php\/wp-json\/wp\/v2\/users\/1"}],"replies":[{"embeddable":true,"href":"https:\/\/la-caravane-rh.fr\/index.php\/wp-json\/wp\/v2\/comments?post=7"}],"version-history":[{"count":157,"href":"https:\/\/la-caravane-rh.fr\/index.php\/wp-json\/wp\/v2\/pages\/7\/revisions"}],"predecessor-version":[{"id":352,"href":"https:\/\/la-caravane-rh.fr\/index.php\/wp-json\/wp\/v2\/pages\/7\/revisions\/352"}],"wp:attachment":[{"href":"https:\/\/la-caravane-rh.fr\/index.php\/wp-json\/wp\/v2\/media?parent=7"}],"curies":[{"name":"wp","href":"https:\/\/api.w.org\/{rel}","templated":true}]}}